{"id":2,"date":"2026-03-15T14:29:33","date_gmt":"2026-03-15T14:29:33","guid":{"rendered":"http:\/\/rivieraperenoel.com\/?page_id=2"},"modified":"2026-03-15T16:50:02","modified_gmt":"2026-03-15T16:50:02","slug":"le-pere-noel-agree-de-la-riviera-vaudoise","status":"publish","type":"page","link":"https:\/\/rivieraperenoel.com\/","title":{"rendered":"WWW.RIVIERAPERENOEL.COM"},"content":{"rendered":"\n<figure class=\"wp-block-image size-full\"><img loading=\"lazy\" decoding=\"async\" width=\"640\" height=\"640\" src=\"http:\/\/rivieraperenoel.com\/wp-content\/uploads\/2026\/03\/IMG_20260315_153540.jpg\" alt=\"\" class=\"wp-image-7\" srcset=\"https:\/\/rivieraperenoel.com\/wp-content\/uploads\/2026\/03\/IMG_20260315_153540.jpg 640w, https:\/\/rivieraperenoel.com\/wp-content\/uploads\/2026\/03\/IMG_20260315_153540-300x300.jpg 300w, https:\/\/rivieraperenoel.com\/wp-content\/uploads\/2026\/03\/IMG_20260315_153540-150x150.jpg 150w\" sizes=\"auto, (max-width: 640px) 100vw, 640px\" \/><\/figure>\n\n\n\n<p>OH ! OH ! OH !<\/p>\n\n\n\n<p>BIENVENUE SUR LE SITE DU P\u00c8RE-NO\u00cbL <\/p>\n\n\n\n<p>Curriculum Vit\u00e6 :<br>Nom : P\u00e8re No\u00ebl et Adresse : P\u00f4le Nord<\/p>\n\n\n\n<p>site internet en cours de cr\u00e9ation&#8230; <\/p>\n","protected":false},"excerpt":{"rendered":"<p>OH ! OH ! OH ! BIENVENUE SUR LE SITE DU P\u00c8RE-NO\u00cbL Curriculum Vit\u00e6 :Nom : P\u00e8re No\u00ebl et Adresse : P\u00f4le Nord site internet en cours de cr\u00e9ation&#8230;<\/p>\n","protected":false},"author":1,"featured_media":0,"parent":0,"menu_order":0,"comment_status":"closed","ping_status":"closed","template":"","meta":{"footnotes":""},"class_list":["post-2","page","type-page","status-publish","hentry"],"_links":{"self":[{"href":"https:\/\/rivieraperenoel.com\/index.php\/wp-json\/wp\/v2\/pages\/2","targetHints":{"allow":["GET"]}}],"collection":[{"href":"https:\/\/rivieraperenoel.com\/index.php\/wp-json\/wp\/v2\/pages"}],"about":[{"href":"https:\/\/rivieraperenoel.com\/index.php\/wp-json\/wp\/v2\/types\/page"}],"author":[{"embeddable":true,"href":"https:\/\/rivieraperenoel.com\/index.php\/wp-json\/wp\/v2\/users\/1"}],"replies":[{"embeddable":true,"href":"https:\/\/rivieraperenoel.com\/index.php\/wp-json\/wp\/v2\/comments?post=2"}],"version-history":[{"count":4,"href":"https:\/\/rivieraperenoel.com\/index.php\/wp-json\/wp\/v2\/pages\/2\/revisions"}],"predecessor-version":[{"id":16,"href":"https:\/\/rivieraperenoel.com\/index.php\/wp-json\/wp\/v2\/pages\/2\/revisions\/16"}],"wp:attachment":[{"href":"https:\/\/rivieraperenoel.com\/index.php\/wp-json\/wp\/v2\/media?parent=2"}],"curies":[{"name":"wp","href":"https:\/\/api.w.org\/{rel}","templated":true}]}}